{"id":4637,"date":"2022-06-23T18:54:27","date_gmt":"2022-06-23T18:54:27","guid":{"rendered":"https:\/\/dgunay.av.tr\/terms-of-use\/"},"modified":"2022-07-08T13:38:01","modified_gmt":"2022-07-08T13:38:01","slug":"terms-of-use","status":"publish","type":"page","link":"https:\/\/dgunay.av.tr\/en\/terms-of-use\/","title":{"rendered":"Privacy Policy"},"content":{"rendered":"<section id=\"bt_bb_section69fc90c495c2a\"  data-background_image_src=\"'https:\/\/dgunay.av.tr\/wp-content\/uploads\/2019\/10\/hero_about_me.jpg'\" class=\"bt_bb_section bt_bb_layout_boxed_1200 bt_bb_vertical_align_top btLazyLoadBackground bt_bb_background_image bt_bb_top_spacing_ bt_bb_bottom_spacing_\" style=\"background-image:url(&#039;https:\/\/dgunay.av.tr\/wp-content\/plugins\/bold-page-builder\/img\/blank.gif&#039;);\" data-bt-override-class=\"{&quot;bt_bb_top_spacing_&quot;:{&quot;current_class&quot;:&quot;bt_bb_top_spacing_&quot;,&quot;xl&quot;:&quot;&quot;},&quot;bt_bb_bottom_spacing_&quot;:{&quot;current_class&quot;:&quot;bt_bb_bottom_spacing_&quot;,&quot;xl&quot;:&quot;&quot;}}\"><div class=\"bt_bb_port\"><div class=\"bt_bb_cell\"><div class=\"bt_bb_cell_inner\"><div class=\"bt_bb_row_wrapper\"><div  class=\"bt_bb_row\" ><div  class=\"bt_bb_column col-xl-12 col-xs-12 col-sm-12 col-md-12 col-lg-12 bt_bb_align_center bt_bb_padding_normal bt_bb_animation_fade_in animate\"  data-width=\"12\" data-bt-override-class=\"{}\"><div class=\"bt_bb_column_content bt_bb_vertical_align_top\"><div class=\"bt_bb_column_content_inner\"><div class=\"bt_bb_separator bt_bb_border_style_none bt_bb_top_spacing_ bt_bb_bottom_spacing_large\" data-bt-override-class=\"{&quot;bt_bb_top_spacing_&quot;:{&quot;current_class&quot;:&quot;bt_bb_top_spacing_&quot;,&quot;xl&quot;:&quot;&quot;},&quot;bt_bb_bottom_spacing_&quot;:{&quot;current_class&quot;:&quot;bt_bb_bottom_spacing_large&quot;,&quot;xl&quot;:&quot;large&quot;}}\"><\/div><div class=\"bt_bb_separator bt_bb_border_style_none bt_bb_top_spacing_ bt_bb_bottom_spacing_medium\" data-bt-override-class=\"{&quot;bt_bb_top_spacing_&quot;:{&quot;current_class&quot;:&quot;bt_bb_top_spacing_&quot;,&quot;xl&quot;:&quot;&quot;},&quot;bt_bb_bottom_spacing_&quot;:{&quot;current_class&quot;:&quot;bt_bb_bottom_spacing_medium&quot;,&quot;xl&quot;:&quot;medium&quot;}}\"><\/div><header class=\"bt_bb_headline bt_bb_color_scheme_6 bt_bb_dash_top bt_bb_size_large bt_bb_align_inherit\" data-bt-override-class=\"{&quot;bt_bb_size_&quot;:{&quot;current_class&quot;:&quot;bt_bb_size_large&quot;,&quot;xl&quot;:&quot;large&quot;},&quot;bt_bb_align_&quot;:{&quot;current_class&quot;:&quot;bt_bb_align_inherit&quot;,&quot;xl&quot;:&quot;inherit&quot;}}\"><h3 class=\"bt_bb_headline_tag\"><span class=\"bt_bb_headline_content\"><span>PRIVACY POLICY<\/span><\/span><\/h3><\/header><div class=\"bt_bb_separator bt_bb_border_style_none bt_bb_top_spacing_ bt_bb_bottom_spacing_medium\" data-bt-override-class=\"{&quot;bt_bb_top_spacing_&quot;:{&quot;current_class&quot;:&quot;bt_bb_top_spacing_&quot;,&quot;xl&quot;:&quot;&quot;},&quot;bt_bb_bottom_spacing_&quot;:{&quot;current_class&quot;:&quot;bt_bb_bottom_spacing_medium&quot;,&quot;xl&quot;:&quot;medium&quot;}}\"><\/div><\/div><\/div><\/div><\/div><\/div><\/div><\/div><\/div><\/section><section id=\"bt_bb_section69fc90c495fb7\"  class=\"bt_bb_section bt_bb_layout_boxed_1200\"  data-bt-override-class=\"null\"><div class=\"bt_bb_port\"><div class=\"bt_bb_cell\"><div class=\"bt_bb_cell_inner\"><div class=\"bt_bb_row_wrapper\"><div  class=\"bt_bb_row\" ><div  class=\"bt_bb_column col-xl-12 col-xs-12 col-sm-12 col-md-12 col-lg-12 bt_bb_align_left bt_bb_padding_normal\"  data-width=\"12\" data-bt-override-class=\"{}\"><div class=\"bt_bb_column_content bt_bb_vertical_align_top\"><div class=\"bt_bb_column_content_inner\"><div class=\"bt_bb_separator bt_bb_border_style_none bt_bb_top_spacing_ bt_bb_bottom_spacing_medium\" data-bt-override-class=\"{&quot;bt_bb_top_spacing_&quot;:{&quot;current_class&quot;:&quot;bt_bb_top_spacing_&quot;,&quot;xl&quot;:&quot;&quot;},&quot;bt_bb_bottom_spacing_&quot;:{&quot;current_class&quot;:&quot;bt_bb_bottom_spacing_medium&quot;,&quot;xl&quot;:&quot;medium&quot;}}\"><\/div><div  class=\"bt_bb_text\" ><p><strong>Privacy Policy<\/strong><\/p>\n<p>This Privacy Policy is prepared in scope of the disclosure requirement as per the Law on Protection of Personal Data numbered 6698 (<strong>\u201cLaw no. 6698\u201d<\/strong>) in order to explain the principles of processing personal data processed by G\u00fcnay Law Firm during the operation of the website <a href=\"http:\/\/www.dgunay.av.tr\/\">www.dgunay.av.tr<\/a> (<strong>\u201cWebsite\u201d<\/strong>)<\/p>\n<p>This Privacy Policy is valid from 20 June 2022 and may be amended from time to time without further notice. Please review this Privacy Policy periodically to keep track of the amendments. Your continued use of our Website after the changes means that you accept this Privacy Policy as amended. G\u00fcnay Law Office shows ultimate attention within the framework of current legislation to ensure the security of your personal data.<\/p>\n<p>However, we would like to remind you that G\u00fcnay Law Firm is not responsible regarding your personal data that may be processed by other websites that are linked on this website. Data processing activities that we carry out as a data processor in line with the instructions and\/or requests of our clients are outside the scope of this Privacy Policy.<\/p>\n<p><strong><em>Personal Data and Purpose of Processing<\/em><\/strong><\/p>\n<p>If you contact G\u00fcnay Law Firm via e-mail or other communication channels on the Website, your name, surname, contact information and other personal data that you share with G\u00fcnay Law Firm may be processed. Your personal data is processed by G\u00fcnay Law Firm for the purposes of making use of the Website, responding your questions and requests by G\u00fcnay Law Firm, communicating with you, providing information and necessary guidance, managing recruitment processes, execution and performance of contracts, and fulfilment of legal obligations.<\/p>\n<p><strong><em>Method and Legal Ground for Personal Data Collection<\/em><\/strong><\/p>\n<p>The personal data that you share with us via the Internet Site, e-mail or other communication channels can be collected electronically, verbally or in writing within the scope of Article 5 of the Law no 6698 and processed in a virtual or physical environment.<\/p>\n<p><strong><em>To Whom the Processed Personal Data may be Transferred and Purpose of Transfer<\/em><\/strong><\/p>\n<p>To provide technical and legal services, G\u00fcnay Law Firm may transfer your personal data to third parties (business partners, website content managers, e-mail service providers, etc.) and to the authorized institutions and organizations in line with the conditions set forth under Article 8 and 9 of the Law.<\/p>\n<p><strong><em>Your Rights <\/em><\/strong><\/p>\n<p>Pursuant to Article 11 of the Law, everyone can apply to the data controller to be informed whether personal data is processed, to request information about it if personal data has been processed, to be informed about the purpose of processing personal data and whether they are used in accordance with this purpose, to be informed about the third parties to whom personal data is transferred in the country or abroad, to request the correction of personal data in case of incomplete or incorrect processing, to request the deletion or destruction of personal data in accordance with the relevant articles of the Law, to request the correction and destruction of personal data to be notified to the third parties to whom the personal data is transferred, to raise objections to any results that emerged against himself\/herself because of the analysis of processed data exclusively through automatic systems, and to demand the compensation of the damage in case of loss due to the unlawful processing of personal data. and to demand the compensation of the damage in case of loss due to the unlawful processing of personal data. You may send your written requests to our address Article 11 of the Law in a way that will meet the conditions determined by the Personal Data Protection Authority, in line with the &#8220;Communiqu\u00e9 on the Procedures and Principles of Application to the Data Controller&#8221;.<\/p>\n<\/div><\/div><\/div><\/div><\/div><\/div><div class=\"bt_bb_row_wrapper\"><div  class=\"bt_bb_row\" ><div  class=\"bt_bb_column col-xl-12 col-xs-12 col-sm-12 col-md-12 col-lg-12 bt_bb_align_left bt_bb_padding_normal\"  data-width=\"12\" data-bt-override-class=\"{}\"><div class=\"bt_bb_column_content bt_bb_vertical_align_top\"><div class=\"bt_bb_column_content_inner\"><div class=\"bt_bb_separator bt_bb_border_style_none bt_bb_top_spacing_ bt_bb_bottom_spacing_medium\" data-bt-override-class=\"{&quot;bt_bb_top_spacing_&quot;:{&quot;current_class&quot;:&quot;bt_bb_top_spacing_&quot;,&quot;xl&quot;:&quot;&quot;},&quot;bt_bb_bottom_spacing_&quot;:{&quot;current_class&quot;:&quot;bt_bb_bottom_spacing_medium&quot;,&quot;xl&quot;:&quot;medium&quot;}}\"><\/div><\/div><\/div><\/div><\/div><\/div><\/div><\/div><\/div><\/section>","protected":false},"excerpt":{"rendered":"","protected":false},"author":1,"featured_media":0,"parent":0,"menu_order":0,"comment_status":"closed","ping_status":"closed","template":"","meta":[],"_links":{"self":[{"href":"https:\/\/dgunay.av.tr\/en\/wp-json\/wp\/v2\/pages\/4637"}],"collection":[{"href":"https:\/\/dgunay.av.tr\/en\/wp-json\/wp\/v2\/pages"}],"about":[{"href":"https:\/\/dgunay.av.tr\/en\/wp-json\/wp\/v2\/types\/page"}],"author":[{"embeddable":true,"href":"https:\/\/dgunay.av.tr\/en\/wp-json\/wp\/v2\/users\/1"}],"replies":[{"embeddable":true,"href":"https:\/\/dgunay.av.tr\/en\/wp-json\/wp\/v2\/comments?post=4637"}],"version-history":[{"count":12,"href":"https:\/\/dgunay.av.tr\/en\/wp-json\/wp\/v2\/pages\/4637\/revisions"}],"predecessor-version":[{"id":4755,"href":"https:\/\/dgunay.av.tr\/en\/wp-json\/wp\/v2\/pages\/4637\/revisions\/4755"}],"wp:attachment":[{"href":"https:\/\/dgunay.av.tr\/en\/wp-json\/wp\/v2\/media?parent=4637"}],"curies":[{"name":"wp","href":"https:\/\/api.w.org\/{rel}","templated":true}]}}