{"id":4226,"date":"2022-06-07T14:53:12","date_gmt":"2022-06-07T14:53:12","guid":{"rendered":"https:\/\/35.234.114.171\/altan\/"},"modified":"2022-06-28T16:50:31","modified_gmt":"2022-06-28T16:50:31","slug":"altanrencber","status":"publish","type":"page","link":"https:\/\/dgunay.av.tr\/en\/altanrencber\/","title":{"rendered":"Altan Ren\u00e7ber"},"content":{"rendered":"<section id=\"bt_bb_section69fc9e3be5b45\" data-parallax=\"0.7\" data-parallax-offset=\"0\" data-background_image_src=\"'https:\/\/dgunay.av.tr\/wp-content\/uploads\/2019\/10\/hero_about_me.jpg'\" class=\"bt_bb_section bt_bb_layout_boxed_1200 bt_bb_vertical_align_top btLazyLoadBackground bt_bb_background_image bt_bb_parallax bt_bb_top_spacing_small bt_bb_bottom_spacing_large\" style=\"background-image:url(&#039;https:\/\/dgunay.av.tr\/wp-content\/plugins\/bold-page-builder\/img\/blank.gif&#039;);\" data-bt-override-class=\"{&quot;bt_bb_top_spacing_&quot;:{&quot;current_class&quot;:&quot;bt_bb_top_spacing_small&quot;,&quot;xl&quot;:&quot;small&quot;}}\"><div class=\"bt_bb_port\"><div class=\"bt_bb_cell\"><div class=\"bt_bb_cell_inner\"><div class=\"bt_bb_row_wrapper\"><div  class=\"bt_bb_row\" ><div  class=\"bt_bb_column col-xl-12 bt_bb_align_center bt_bb_padding_normal bt_bb_animation_fade_in animate\"  data-width=\"12\" data-bt-override-class=\"{}\"><div class=\"bt_bb_column_content bt_bb_vertical_align_top\"><div class=\"bt_bb_column_content_inner\"><div class=\"bt_bb_separator bt_bb_border_style_none bt_bb_top_spacing_normal bt_bb_bottom_spacing_medium bt_bb_hidden_xs bt_bb_hidden_ms bt_bb_hidden_sm\" data-bt-override-class=\"null\"><\/div><header class=\"bt_bb_headline bt_bb_color_scheme_1 bt_bb_dash_none bt_bb_size_extrasmall bt_bb_align_inherit btNoHeadline\" data-bt-override-class=\"{&quot;bt_bb_size_&quot;:{&quot;current_class&quot;:&quot;bt_bb_size_extrasmall&quot;,&quot;xl&quot;:&quot;extrasmall&quot;}}\"><\/header><div class=\"bt_bb_separator bt_bb_border_style_none bt_bb_top_spacing_ bt_bb_bottom_spacing_small bt_bb_hidden_xs bt_bb_hidden_ms bt_bb_hidden_sm\" data-bt-override-class=\"{&quot;bt_bb_top_spacing_&quot;:{&quot;current_class&quot;:&quot;bt_bb_top_spacing_&quot;,&quot;xl&quot;:&quot;&quot;},&quot;bt_bb_bottom_spacing_&quot;:{&quot;current_class&quot;:&quot;bt_bb_bottom_spacing_small&quot;,&quot;xl&quot;:&quot;small&quot;}}\"><\/div><\/div><\/div><\/div><\/div><\/div><\/div><\/div><\/div><\/section><section id=\"bt_bb_section69fc9e3be5f7f\"  class=\"bt_bb_section bt_bb_layout_wide bt_bb_vertical_align_top bt_bb_negative_margin_large\"  data-bt-override-class=\"null\"><div class=\"bt_bb_port\"><div class=\"bt_bb_cell\"><div class=\"bt_bb_cell_inner\"><div class=\"bt_bb_row_wrapper\"><div  class=\"bt_bb_row bt_bb_layout_special btOverlapRight\" ><div  class=\"bt_bb_column col-xl-6 bt_bb_align_left bt_bb_padding_normal\"  data-width=\"6\" data-bt-override-class=\"{&quot;bt_bb_align_&quot;:{&quot;current_class&quot;:&quot;bt_bb_align_left&quot;,&quot;xl&quot;:&quot;left&quot;},&quot;bt_bb_padding_&quot;:{&quot;current_class&quot;:&quot;bt_bb_padding_normal&quot;,&quot;xl&quot;:&quot;normal&quot;}}\"><div class=\"bt_bb_column_content bt_bb_vertical_align_top bt_bb_column_background_image\" style=\"background-image:url(&#039;https:\/\/dgunay.av.tr\/wp-content\/uploads\/2019\/10\/inner_card_10.jpg&#039;);\"><div class=\"bt_bb_column_content_inner\"><div class=\"bt_bb_separator bt_bb_border_style_none bt_bb_bottom_spacing_extra_large\" data-bt-override-class=\"null\"><\/div><\/div><\/div><\/div><div  class=\"bt_bb_column col-xl-6 btWithIcon bt_bb_align_left bt_bb_icon_color_scheme_6 bt_bb_padding_normal bt_bb_animation_fade_in animate\"  data-width=\"6\" data-bt-override-class=\"{}\"><div class=\"bt_bb_column_content bt_bb_vertical_align_top\"><div class=\"bt_bb_column_icon\"><span  data-ico-icon7stroke=\"&#xe68f;\" class=\"bt_bb_icon_holder\"><\/span><\/div><div class=\"bt_bb_column_content_inner\"><header class=\"bt_bb_headline bt_bb_color_scheme_14 bt_bb_dash_none bt_bb_size_normal bt_bb_align_inherit\" data-bt-override-class=\"{&quot;bt_bb_size_&quot;:{&quot;current_class&quot;:&quot;bt_bb_size_normal&quot;,&quot;xl&quot;:&quot;normal&quot;},&quot;bt_bb_align_&quot;:{&quot;current_class&quot;:&quot;bt_bb_align_inherit&quot;,&quot;xl&quot;:&quot;inherit&quot;}}\"><h3 class=\"bt_bb_headline_tag\"><span class=\"bt_bb_headline_content\"><span>Altan Ren\u00e7ber<\/span><\/span><\/h3><\/header><div class=\"bt_bb_separator bt_bb_border_style_none bt_bb_bottom_spacing_small\" data-bt-override-class=\"null\"><\/div><header class=\"bt_bb_headline bt_bb_color_scheme_5 bt_bb_dash_none bt_bb_superheadline bt_bb_size_normal bt_bb_align_inherit btNoHeadline\" data-bt-override-class=\"{&quot;bt_bb_size_&quot;:{&quot;current_class&quot;:&quot;bt_bb_size_normal&quot;,&quot;xl&quot;:&quot;normal&quot;},&quot;bt_bb_align_&quot;:{&quot;current_class&quot;:&quot;bt_bb_align_inherit&quot;,&quot;xl&quot;:&quot;inherit&quot;}}\"><h4 class=\"bt_bb_headline_tag\"><span class=\"bt_bb_headline_superheadline\">Consultant<\/span><\/h4><\/header><div class=\"bt_bb_separator bt_bb_border_style_none bt_bb_bottom_spacing_medium\" data-bt-override-class=\"null\"><\/div><div  class=\"bt_bb_row_inner\" ><div  class=\"bt_bb_column_inner col-xl-6 bt_bb_align_left bt_bb_vertical_align_top bt_bb_padding_normal\"  data-width=\"6\" data-bt-override-class=\"{}\"><div class=\"bt_bb_column_inner_content\"><div class=\"bt_bb_service bt_bb_color_scheme_14 bt_bb_style_borderless bt_bb_size_normal bt_bb_shape_square bt_bb_align_left bt_bb_title_color_scheme_13\"><span  data-ico-=\"\" class=\"bt_bb_icon_holder\"><\/span><div class=\"bt_bb_service_content\"><\/div><\/div><div class=\"bt_bb_service bt_bb_color_scheme_14 bt_bb_style_borderless bt_bb_size_normal bt_bb_shape_square bt_bb_align_left bt_bb_title_color_scheme_13\"><span  data-ico-icon7stroke=\"&#xe6b5;\" class=\"bt_bb_icon_holder\"><\/span><div class=\"bt_bb_service_content\"><div class=\"bt_bb_service_content_title\">PHONE<\/div><div class=\"bt_bb_service_content_text\">+90 212 996 7194<\/div><\/div><\/div><div class=\"bt_bb_separator bt_bb_border_style_none bt_bb_bottom_spacing_normal bt_bb_hidden_md bt_bb_hidden_lg\" data-bt-override-class=\"null\"><\/div><\/div><\/div><div  class=\"bt_bb_column_inner col-xl-6 bt_bb_align_right bt_bb_vertical_align_top bt_bb_padding_normal\"  data-width=\"6\" data-bt-override-class=\"{&quot;bt_bb_align_&quot;:{&quot;current_class&quot;:&quot;bt_bb_align_right&quot;,&quot;xl&quot;:&quot;right&quot;}}\"><div class=\"bt_bb_column_inner_content\"><\/div><\/div><\/div><div class=\"bt_bb_separator bt_bb_border_style_solid bt_bb_top_spacing_normal bt_bb_bottom_spacing_normal bt_bb_color_dark\" data-bt-override-class=\"null\"><\/div><div  class=\"bt_bb_text\" ><\/div><div class=\"bt_bb_separator bt_bb_border_style_none bt_bb_bottom_spacing_normal\" data-bt-override-class=\"null\"><\/div><div class=\"bt_bb_icon bt_bb_color_scheme_6 bt_bb_style_filled bt_bb_size_small bt_bb_shape_square bt_bb_align_inherit\" data-bt-override-class=\"{}\"><a href=\"https:\/\/tr.linkedin.com\/in\/altanrencber\"  target=\"_blank\"   data-ico-fontawesome=\"&#xf0e1;\" class=\"bt_bb_icon_holder\"><\/a><\/div><\/div><\/div><\/div><\/div><\/div><div class=\"bt_bb_row_wrapper\"><div  class=\"bt_bb_row\" ><div  class=\"bt_bb_column col-xl-12 col-xs-12 col-sm-12 col-md-12 col-lg-12 bt_bb_align_left bt_bb_padding_normal\"  data-width=\"12\" data-bt-override-class=\"{}\"><div class=\"bt_bb_column_content bt_bb_vertical_align_top\"><div class=\"bt_bb_column_content_inner\"><div class=\"bt_bb_separator bt_bb_border_style_none bt_bb_top_spacing_ bt_bb_bottom_spacing_medium\" data-bt-override-class=\"{&quot;bt_bb_top_spacing_&quot;:{&quot;current_class&quot;:&quot;bt_bb_top_spacing_&quot;,&quot;xl&quot;:&quot;&quot;},&quot;bt_bb_bottom_spacing_&quot;:{&quot;current_class&quot;:&quot;bt_bb_bottom_spacing_medium&quot;,&quot;xl&quot;:&quot;medium&quot;}}\"><\/div><\/div><\/div><\/div><\/div><\/div><\/div><\/div><\/div><\/section><section id=\"bt_bb_section69fc9e3be6e63\"  class=\"bt_bb_section bt_bb_layout_boxed_1300 bt_bb_vertical_align_top bt_bb_top_spacing_ bt_bb_bottom_spacing_\"  data-bt-override-class=\"{&quot;bt_bb_top_spacing_&quot;:{&quot;current_class&quot;:&quot;bt_bb_top_spacing_&quot;,&quot;xl&quot;:&quot;&quot;},&quot;bt_bb_bottom_spacing_&quot;:{&quot;current_class&quot;:&quot;bt_bb_bottom_spacing_&quot;,&quot;xl&quot;:&quot;&quot;}}\"><div class=\"bt_bb_port\"><div class=\"bt_bb_cell\"><div class=\"bt_bb_cell_inner\"><div class=\"bt_bb_row_wrapper\"><div  class=\"bt_bb_row\" ><div  class=\"bt_bb_column col-xl-12 col-xs-12 col-sm-12 col-md-12 col-lg-12 bt_bb_align_left bt_bb_padding_normal\"  data-width=\"12\" data-bt-override-class=\"{}\"><div class=\"bt_bb_column_content bt_bb_vertical_align_top\"><div class=\"bt_bb_column_content_inner\"><div  class=\"bt_bb_text\" ><p>After the Koc School, Altan graduated from Istanbul Bilgi University Faculty of Law. In 2011, he started working at the Financial Law Department of Istanbul University Faculty of Law as a research assistant.<\/p>\n<p>His post graduate thesis was on tax enforcement law, while he wrote his dissertation on tax misdemeanours. After gaining the title of PhD in 2017, and within a short period of time, upon his extensive work on international tax law, Altan became an associate professor in 2022. Altan still gives lectures to both graduate and post graduate students at Istanbul University Faculty of Law on international tax law, comparative tax systems, tax criminal law, public finance and tax law, and tax crimes and sentences.<\/p>\n<p>Altan is the consultant of G\u00fcnay Law Firm in the area of tax law.<\/p>\n<p><strong><u>Education<\/u><\/strong><\/p>\n<p>PhD &#8211; Istanbul University, Institute of Social Sciences, Public Law (2012 -2017)<\/p>\n<p>LLM &#8211; Istanbul University, Institute of Social Sciences, Financial Law (2010 -2012)<\/p>\n<p>Graduate &#8211; Istanbul Bilgi University, Faculty of Law (2006 \u2013 2010)<\/p>\n<p>The Koc School \u201906<\/p>\n<p><strong><u>Foreign Languages<\/u><\/strong><\/p>\n<p>English<\/p>\n<p>German<\/p>\n<p><span style=\"text-decoration: underline;\"><strong>Academic Titles <\/strong><\/span><\/p>\n<p>Associate Professor &#8211; Istanbul University Faculty of Law, Public Law (2022 \u2013 Present)<\/p>\n<p>Assistant Professor &#8211; Istanbul University Faculty of Law, Financial Law (2018 &#8211; 2022)<\/p>\n<p>Research assistant &#8211; Istanbul University Faculty of Law, Public Law (2011 &#8211; 2018)<\/p>\n<p><span style=\"text-decoration: underline;\"><strong>Administrative Experience <\/strong><\/span><\/p>\n<p>Istanbul University \u2013 Vice Dean \u2013 Institute of Social Sciences (2019- Present)<\/p>\n<p><span style=\"text-decoration: underline;\"><strong>Selected Publications<\/strong><\/span><\/p>\n<ul>\n<li><strong>Books and Book Parts<\/strong><\/li>\n<\/ul>\n<p>Permanent Establishment in Tax Law in the light of International Developments, Filiz Kitabevi, Istanbul, 2021<\/p>\n<p>Evaluation on Wealth Taxes in terms of Taxation Principles, Ekin, Bursa, 2021<\/p>\n<p>Taxation of Sales Performed through Execution Offices, Filiz, \u0130stanbul, 2021<\/p>\n<p>Implementation of Diverted Profit Tax and Evaluation of Applicability of Diverted Profit Tax in Turkey, Ekin Bursa 2018<\/p>\n<p>Tax Misdemeanours in terms of General Theory of Misdemeanours, Onikilevha, Istanbul, 2017<\/p>\n<p>Principle of Priority of Extract over Form in Tax Law, Onikilevha, \u0130stanbul, 2014<\/p>\n<p>Payment Order in Tax Execution Law, Onikilevha, \u0130stanbul, 2014<\/p>\n<ul>\n<li><strong>Articles<\/strong><\/li>\n<\/ul>\n<p>After a Constitutional Court Decision: Perpetrator in terms of Ne Bis \u0130n \u0130dem Principle, Vergi D\u00fcnyas\u0131, p.474, 2021<\/p>\n<p>Default Interest in Inheritance Tax: Fault Issue in Default Interest, Vergi D\u00fcnyas\u0131, p.471, 2020<\/p>\n<p>Safety Measure in Digital Service Tax: Issue of Restriction of Freedom of Speech, Legal Mali Hukuk Dergisi, Binder 16, p.183, 2020<\/p>\n<p>Value of Custom Rules and Administrative Practise as Reference in Tax Law, Vergi Sorunlar\u0131 Dergisi, p.375, 2019<\/p>\n<p>Witholding Tax Problems in Independent Personal Services Income of Persons Resident In Foreigin Countries \u2013 Example of United States of America \u2013 Turkey Double Taxation Agreement, Annales de la Facult\u00e9 de Droit d\u2019Istanbul, Binder 49, p.66, 2018<\/p>\n<p>Consequences of Settlement Agreements in Employment Law in terms of Tax Law and Evaluation on Same, Legal Mali Hukuk Dergisi, Binder 14, p.16, 2018<\/p>\n<p>Invitation to Explanation in Tax Law and Legal Evaluation on Same, Vergi Sorunlar\u0131 Dergisi, p.352, 2018<\/p>\n<p>Lapse of Time in Collection of State Receivables, Vergi Sorunlar\u0131 Dergisi, p.351, 2017<\/p>\n<p>Repetition In Tax Criminal Law, Maliye Ara\u015ft\u0131rma Merkezi Konferanslar\u0131 Dergisi, 2017<\/p>\n<\/div><div class=\"bt_bb_separator bt_bb_border_style_none bt_bb_top_spacing_ bt_bb_bottom_spacing_large\" data-bt-override-class=\"{&quot;bt_bb_top_spacing_&quot;:{&quot;current_class&quot;:&quot;bt_bb_top_spacing_&quot;,&quot;xl&quot;:&quot;&quot;},&quot;bt_bb_bottom_spacing_&quot;:{&quot;current_class&quot;:&quot;bt_bb_bottom_spacing_large&quot;,&quot;xl&quot;:&quot;large&quot;}}\"><\/div><\/div><\/div><\/div><\/div><\/div><\/div><\/div><\/div><\/section><section id=\"bt_bb_section69fc9e3be7367\"  class=\"bt_bb_section bt_bb_layout_boxed_1200\"  data-bt-override-class=\"null\"><div class=\"bt_bb_port\"><div class=\"bt_bb_cell\"><div class=\"bt_bb_cell_inner\"><div class=\"bt_bb_row_wrapper\"><div  class=\"bt_bb_row\" ><div  class=\"bt_bb_column col-xl-12 col-xs-12 col-sm-12 col-md-12 col-lg-12 bt_bb_align_left bt_bb_padding_normal\"  data-width=\"12\" data-bt-override-class=\"{}\"><div class=\"bt_bb_column_content bt_bb_vertical_align_top\"><div class=\"bt_bb_column_content_inner\"><\/div><\/div><\/div><\/div><\/div><\/div><\/div><\/div><\/section>","protected":false},"excerpt":{"rendered":"","protected":false},"author":1,"featured_media":0,"parent":0,"menu_order":0,"comment_status":"closed","ping_status":"closed","template":"","meta":[],"_links":{"self":[{"href":"https:\/\/dgunay.av.tr\/en\/wp-json\/wp\/v2\/pages\/4226"}],"collection":[{"href":"https:\/\/dgunay.av.tr\/en\/wp-json\/wp\/v2\/pages"}],"about":[{"href":"https:\/\/dgunay.av.tr\/en\/wp-json\/wp\/v2\/types\/page"}],"author":[{"embeddable":true,"href":"https:\/\/dgunay.av.tr\/en\/wp-json\/wp\/v2\/users\/1"}],"replies":[{"embeddable":true,"href":"https:\/\/dgunay.av.tr\/en\/wp-json\/wp\/v2\/comments?post=4226"}],"version-history":[{"count":46,"href":"https:\/\/dgunay.av.tr\/en\/wp-json\/wp\/v2\/pages\/4226\/revisions"}],"predecessor-version":[{"id":4704,"href":"https:\/\/dgunay.av.tr\/en\/wp-json\/wp\/v2\/pages\/4226\/revisions\/4704"}],"wp:attachment":[{"href":"https:\/\/dgunay.av.tr\/en\/wp-json\/wp\/v2\/media?parent=4226"}],"curies":[{"name":"wp","href":"https:\/\/api.w.org\/{rel}","templated":true}]}}