{"id":4217,"date":"2019-12-13T14:11:21","date_gmt":"2019-12-13T14:11:21","guid":{"rendered":"https:\/\/35.234.114.171\/our-team\/"},"modified":"2022-06-28T16:46:42","modified_gmt":"2022-06-28T16:46:42","slug":"our-team","status":"publish","type":"page","link":"https:\/\/dgunay.av.tr\/en\/our-team\/","title":{"rendered":"OUR TEAM"},"content":{"rendered":"<section id=\"bt_bb_section69fc8f9b20bfe\" data-parallax=\"0.7\" data-parallax-offset=\"0\" data-background_image_src=\"'https:\/\/dgunay.av.tr\/wp-content\/uploads\/2022\/06\/Adsiz-tasarim-98.png'\" class=\"bt_bb_section bt_bb_layout_boxed_1200 bt_bb_vertical_align_top btLazyLoadBackground bt_bb_background_image bt_bb_parallax bt_bb_top_spacing_medium bt_bb_bottom_spacing_medium\" style=\"background-image:url(&#039;https:\/\/dgunay.av.tr\/wp-content\/plugins\/bold-page-builder\/img\/blank.gif&#039;);\" data-bt-override-class=\"{&quot;bt_bb_top_spacing_&quot;:{&quot;current_class&quot;:&quot;bt_bb_top_spacing_medium&quot;,&quot;xl&quot;:&quot;medium&quot;},&quot;bt_bb_bottom_spacing_&quot;:{&quot;current_class&quot;:&quot;bt_bb_bottom_spacing_medium&quot;,&quot;xl&quot;:&quot;medium&quot;}}\"><div class=\"bt_bb_port\"><div class=\"bt_bb_cell\"><div class=\"bt_bb_cell_inner\"><div class=\"bt_bb_row_wrapper\"><div  class=\"bt_bb_row\" ><div  class=\"bt_bb_column col-xl-12 bt_bb_align_center bt_bb_padding_normal bt_bb_animation_fade_in animate\"  data-width=\"12\" data-bt-override-class=\"{}\"><div class=\"bt_bb_column_content bt_bb_vertical_align_top\"><div class=\"bt_bb_column_content_inner\"><div class=\"bt_bb_separator bt_bb_border_style_none bt_bb_bottom_spacing_large bt_bb_hidden_xs bt_bb_hidden_ms bt_bb_hidden_sm\" data-bt-override-class=\"null\"><\/div><header class=\"bt_bb_headline bt_bb_color_scheme_6 bt_bb_dash_none bt_bb_size_extralarge bt_bb_align_inherit\" data-bt-override-class=\"{}\"><h2 class=\"bt_bb_headline_tag\"><span class=\"bt_bb_headline_content\"><span>OUR TEAM<\/span><\/span><\/h2><\/header><\/div><\/div><\/div><\/div><\/div><\/div><\/div><\/div><\/section><section id=\"bt_bb_section69fc8f9b20eea\"  class=\"bt_bb_section bt_bb_layout_boxed_1200 bt_bb_vertical_align_top bt_bb_top_spacing_small bt_bb_bottom_spacing_medium\"  data-bt-override-class=\"{&quot;bt_bb_top_spacing_&quot;:{&quot;current_class&quot;:&quot;bt_bb_top_spacing_small&quot;,&quot;xl&quot;:&quot;small&quot;},&quot;bt_bb_bottom_spacing_&quot;:{&quot;current_class&quot;:&quot;bt_bb_bottom_spacing_medium&quot;,&quot;xl&quot;:&quot;medium&quot;}}\"><div class=\"bt_bb_port\"><div class=\"bt_bb_cell\"><div class=\"bt_bb_cell_inner\"><div class=\"bt_bb_row_wrapper\"><div  class=\"bt_bb_row\" ><div  class=\"bt_bb_column col-xl-12 col-xs-12 col-sm-12 col-md-12 col-lg-12 bt_bb_align_left bt_bb_padding_normal bt_bb_animation_fade_in animate\"  data-width=\"12\" data-bt-override-class=\"{}\"><div class=\"bt_bb_column_content bt_bb_vertical_align_top\"><div class=\"bt_bb_column_content_inner\"><header class=\"bt_bb_headline bt_bb_color_scheme_7 bt_bb_dash_gray bt_bb_size_normal bt_bb_align_inherit btNoHeadline\" data-bt-override-class=\"{}\"><\/header><div class=\"bt_bb_separator bt_bb_border_style_none bt_bb_bottom_spacing_medium\" data-bt-override-class=\"null\"><\/div><\/div><\/div><\/div><\/div><\/div><div class=\"bt_bb_row_wrapper\"><div  class=\"bt_bb_row bt_bb_column_gap_small\" ><div  class=\"bt_bb_column col-xl-6 col-xs-12 col-sm-6 col-md-6 col-lg-6 bt_bb_align_left bt_bb_padding_normal bt_bb_animation_fade_in animate\"  data-width=\"6\" data-bt-override-class=\"{&quot;bt_bb_align_&quot;:{&quot;current_class&quot;:&quot;bt_bb_align_left&quot;,&quot;xl&quot;:&quot;left&quot;},&quot;bt_bb_padding_&quot;:{&quot;current_class&quot;:&quot;bt_bb_padding_normal&quot;,&quot;xl&quot;:&quot;normal&quot;}}\"><div class=\"bt_bb_column_content bt_bb_vertical_align_top\"><div class=\"bt_bb_column_content_inner\"><div class=\"bt_bb_image bt_bb_shape_square bt_bb_align_inherit bt_bb_hover_style_zoom-in-to-grayscale bt_bb_content_display_always bt_bb_content_align_middle\" data-bt-override-class=\"{&quot;bt_bb_align_&quot;:{&quot;current_class&quot;:&quot;bt_bb_align_inherit&quot;,&quot;xl&quot;:&quot;inherit&quot;}}\"><a href=\"https:\/\/dgunay.av.tr\/en\/about-us\/about-us\/\"  target=\"_self\"  title=\"ZDENIZGUNAY\"><img width=\"320\" height=\"313\" src=\"https:\/\/dgunay.av.tr\/wp-content\/uploads\/2022\/06\/ZDENIZGUNAY-scaled-e1654196253351-320x313.jpg\" class=\"attachment-boldthemes_small size-boldthemes_small\" alt=\"https:\/\/dgunay.av.tr\/wp-content\/uploads\/2022\/06\/ZDENIZGUNAY-scaled-e1654196253351-320x313.jpg\" decoding=\"async\" loading=\"lazy\" data-full_image_src=\"https:\/\/dgunay.av.tr\/wp-content\/uploads\/2022\/06\/ZDENIZGUNAY-scaled-e1654196253351.jpg\" title=\"ZDENIZGUNAY\" srcset=\"https:\/\/dgunay.av.tr\/wp-content\/uploads\/2022\/06\/ZDENIZGUNAY-scaled-e1654196253351-320x313.jpg 320w, https:\/\/dgunay.av.tr\/wp-content\/uploads\/2022\/06\/ZDENIZGUNAY-scaled-e1654196253351-640x626.jpg 640w, https:\/\/dgunay.av.tr\/wp-content\/uploads\/2022\/06\/ZDENIZGUNAY-scaled-e1654196253351-1280x1253.jpg 1280w, https:\/\/dgunay.av.tr\/wp-content\/uploads\/2022\/06\/ZDENIZGUNAY-scaled-e1654196253351-768x752.jpg 768w, https:\/\/dgunay.av.tr\/wp-content\/uploads\/2022\/06\/ZDENIZGUNAY-scaled-e1654196253351.jpg 1504w\" sizes=\"(max-width: 320px) 100vw, 320px\" \/><\/a><\/div><div class=\"bt_bb_separator bt_bb_border_style_none bt_bb_bottom_spacing_small\" data-bt-override-class=\"null\"><\/div><header class=\"bt_bb_headline bt_bb_color_scheme_3 bt_bb_dash_none bt_bb_subheadline bt_bb_size_medium bt_bb_align_inherit bt_bb_subtitle_font_weight_medium btNoHeadline\" data-bt-override-class=\"{}\"><div class=\"bt_bb_headline_subheadline\">ZEL\u0130HA DEN\u0130Z G\u00dcNAY<\/div><\/header><div  class=\"bt_bb_text\" ><p style=\"text-align: left;\">Founder<\/p>\n<\/div><div class=\"bt_bb_separator bt_bb_border_style_none bt_bb_bottom_spacing_small\" data-bt-override-class=\"null\"><\/div><div class=\"bt_bb_icon bt_bb_color_scheme_12 bt_bb_style_borderless bt_bb_size_xsmall bt_bb_shape_circle bt_bb_align_inherit\" data-bt-override-class=\"{&quot;bt_bb_size_&quot;:{&quot;current_class&quot;:&quot;bt_bb_size_xsmall&quot;,&quot;xl&quot;:&quot;xsmall&quot;},&quot;bt_bb_align_&quot;:{&quot;current_class&quot;:&quot;bt_bb_align_inherit&quot;,&quot;xl&quot;:&quot;inherit&quot;}}\"><a href=\"https:\/\/tr.linkedin.com\/in\/z-deniz-g%C3%BCnay-7793ba43?original_referer=https%3A%2F%2Fwww.google.com%2F\"  target=\"_blank\"   data-ico-fontawesome=\"&#xf0e1;\" class=\"bt_bb_icon_holder\"><\/a><\/div><div class=\"bt_bb_separator bt_bb_border_style_none bt_bb_bottom_spacing_medium\" data-bt-override-class=\"null\"><\/div><\/div><\/div><\/div><div  class=\"bt_bb_column col-xl-6 col-xs-12 col-sm-6 col-md-6 col-lg-6 bt_bb_align_left bt_bb_padding_normal bt_bb_animation_fade_in animate\"  data-width=\"6\" data-bt-override-class=\"{}\"><div class=\"bt_bb_column_content bt_bb_vertical_align_top\"><div class=\"bt_bb_column_content_inner\"><div class=\"bt_bb_image bt_bb_shape_square bt_bb_align_inherit bt_bb_hover_style_zoom-in-to-grayscale bt_bb_content_display_always bt_bb_content_align_middle\" data-bt-override-class=\"{&quot;bt_bb_align_&quot;:{&quot;current_class&quot;:&quot;bt_bb_align_inherit&quot;,&quot;xl&quot;:&quot;inherit&quot;}}\"><a href=\"https:\/\/dgunay.av.tr\/en\/altanrencber\/\"  target=\"_self\"  title=\"Ads\u0131z tasar\u0131m (8)\"><img width=\"320\" height=\"313\" src=\"https:\/\/dgunay.av.tr\/wp-content\/uploads\/2022\/06\/Adsiz-tasarim-8-320x313.png\" class=\"attachment-boldthemes_small size-boldthemes_small\" alt=\"https:\/\/dgunay.av.tr\/wp-content\/uploads\/2022\/06\/Adsiz-tasarim-8-320x313.png\" decoding=\"async\" loading=\"lazy\" data-full_image_src=\"https:\/\/dgunay.av.tr\/wp-content\/uploads\/2022\/06\/Adsiz-tasarim-8.png\" title=\"Ads\u0131z tasar\u0131m (8)\" srcset=\"https:\/\/dgunay.av.tr\/wp-content\/uploads\/2022\/06\/Adsiz-tasarim-8-320x313.png 320w, https:\/\/dgunay.av.tr\/wp-content\/uploads\/2022\/06\/Adsiz-tasarim-8-640x626.png 640w, https:\/\/dgunay.av.tr\/wp-content\/uploads\/2022\/06\/Adsiz-tasarim-8-1280x1253.png 1280w, https:\/\/dgunay.av.tr\/wp-content\/uploads\/2022\/06\/Adsiz-tasarim-8-768x752.png 768w, https:\/\/dgunay.av.tr\/wp-content\/uploads\/2022\/06\/Adsiz-tasarim-8.png 1504w\" sizes=\"(max-width: 320px) 100vw, 320px\" \/><\/a><\/div><div class=\"bt_bb_separator bt_bb_border_style_none bt_bb_bottom_spacing_small\" data-bt-override-class=\"null\"><\/div><header class=\"bt_bb_headline bt_bb_color_scheme_3 bt_bb_dash_none bt_bb_subheadline bt_bb_size_medium bt_bb_align_inherit bt_bb_subtitle_font_weight_medium btNoHeadline\" data-bt-override-class=\"{&quot;bt_bb_size_&quot;:{&quot;current_class&quot;:&quot;bt_bb_size_medium&quot;,&quot;xl&quot;:&quot;medium&quot;},&quot;bt_bb_align_&quot;:{&quot;current_class&quot;:&quot;bt_bb_align_inherit&quot;,&quot;xl&quot;:&quot;inherit&quot;}}\"><div class=\"bt_bb_headline_subheadline\">ASSOC. PROF. ALTAN REN\u00c7BER<\/div><\/header><div  class=\"bt_bb_text\" ><p><span style=\"color: #353535;\">Consultant<\/span><\/p>\n<\/div><div class=\"bt_bb_separator bt_bb_border_style_none bt_bb_bottom_spacing_small\" data-bt-override-class=\"null\"><\/div><div class=\"bt_bb_icon bt_bb_color_scheme_12 bt_bb_style_borderless bt_bb_size_xsmall bt_bb_shape_circle bt_bb_align_inherit\" data-bt-override-class=\"{&quot;bt_bb_size_&quot;:{&quot;current_class&quot;:&quot;bt_bb_size_xsmall&quot;,&quot;xl&quot;:&quot;xsmall&quot;},&quot;bt_bb_align_&quot;:{&quot;current_class&quot;:&quot;bt_bb_align_inherit&quot;,&quot;xl&quot;:&quot;inherit&quot;}}\"><a href=\"https:\/\/tr.linkedin.com\/in\/altanrencber\"  target=\"_blank\"   data-ico-fontawesome=\"&#xf0e1;\" class=\"bt_bb_icon_holder\"><\/a><\/div><div class=\"bt_bb_separator bt_bb_border_style_none bt_bb_bottom_spacing_medium\" data-bt-override-class=\"null\"><\/div><\/div><\/div><\/div><\/div><\/div><div class=\"bt_bb_row_wrapper\"><div  class=\"bt_bb_row bt_bb_column_gap_15\" ><\/div><\/div><\/div><\/div><\/div><\/section>","protected":false},"excerpt":{"rendered":"","protected":false},"author":2,"featured_media":0,"parent":0,"menu_order":0,"comment_status":"closed","ping_status":"closed","template":"","meta":[],"_links":{"self":[{"href":"https:\/\/dgunay.av.tr\/en\/wp-json\/wp\/v2\/pages\/4217"}],"collection":[{"href":"https:\/\/dgunay.av.tr\/en\/wp-json\/wp\/v2\/pages"}],"about":[{"href":"https:\/\/dgunay.av.tr\/en\/wp-json\/wp\/v2\/types\/page"}],"author":[{"embeddable":true,"href":"https:\/\/dgunay.av.tr\/en\/wp-json\/wp\/v2\/users\/2"}],"replies":[{"embeddable":true,"href":"https:\/\/dgunay.av.tr\/en\/wp-json\/wp\/v2\/comments?post=4217"}],"version-history":[{"count":20,"href":"https:\/\/dgunay.av.tr\/en\/wp-json\/wp\/v2\/pages\/4217\/revisions"}],"predecessor-version":[{"id":4701,"href":"https:\/\/dgunay.av.tr\/en\/wp-json\/wp\/v2\/pages\/4217\/revisions\/4701"}],"wp:attachment":[{"href":"https:\/\/dgunay.av.tr\/en\/wp-json\/wp\/v2\/media?parent=4217"}],"curies":[{"name":"wp","href":"https:\/\/api.w.org\/{rel}","templated":true}]}}