{"id":4214,"date":"2018-09-10T12:47:51","date_gmt":"2018-09-10T12:47:51","guid":{"rendered":"https:\/\/35.234.114.171\/about-us\/"},"modified":"2022-07-19T06:25:52","modified_gmt":"2022-07-19T06:25:52","slug":"about-us","status":"publish","type":"page","link":"https:\/\/dgunay.av.tr\/en\/about-us\/","title":{"rendered":"About Us"},"content":{"rendered":"<section id=\"bt_bb_section69fc8f9adba7f\" data-parallax=\"0.7\" data-parallax-offset=\"0\" data-background_image_src=\"'https:\/\/dgunay.av.tr\/wp-content\/uploads\/2019\/10\/hero_about.jpg'\" class=\"bt_bb_section bt_bb_layout_wide bt_bb_vertical_align_top btLazyLoadBackground bt_bb_background_image bt_bb_parallax bt_bb_top_spacing_large bt_bb_bottom_spacing_large\" style=\"background-image:url(&#039;https:\/\/dgunay.av.tr\/wp-content\/plugins\/bold-page-builder\/img\/blank.gif&#039;);\" data-bt-override-class=\"null\"><div class=\"bt_bb_port\"><div class=\"bt_bb_cell\"><div class=\"bt_bb_cell_inner\"><div class=\"bt_bb_row_wrapper\"><div  class=\"bt_bb_row\" ><div  class=\"bt_bb_column col-xl-12 bt_bb_align_center bt_bb_padding_normal bt_bb_animation_fade_in animate\"  data-width=\"12\" data-bt-override-class=\"{}\"><div class=\"bt_bb_column_content bt_bb_vertical_align_top\"><div class=\"bt_bb_column_content_inner\"><\/div><\/div><\/div><\/div><\/div><\/div><\/div><\/div><\/section><section id=\"bt_bb_section69fc8f9adbcb5\"  class=\"bt_bb_section bt_bb_layout_boxed_1200 bt_bb_vertical_align_top bt_bb_top_spacing_large bt_bb_bottom_spacing_large\"  data-bt-override-class=\"null\"><div class=\"bt_bb_port\"><div class=\"bt_bb_cell\"><div class=\"bt_bb_cell_inner\"><div class=\"bt_bb_row_wrapper\"><div  class=\"bt_bb_row\" ><div  class=\"bt_bb_column col-xl-4 bt_bb_align_left bt_bb_padding_normal bt_bb_animation_fade_in animate\"  data-width=\"4\" data-bt-override-class=\"{}\"><div class=\"bt_bb_column_content bt_bb_vertical_align_bottom\"><div class=\"bt_bb_column_content_inner\"><header class=\"bt_bb_headline bt_bb_color_scheme_14 bt_bb_dash_none bt_bb_size_normal bt_bb_align_inherit\" data-bt-override-class=\"{&quot;bt_bb_size_&quot;:{&quot;current_class&quot;:&quot;bt_bb_size_normal&quot;,&quot;xl&quot;:&quot;normal&quot;},&quot;bt_bb_align_&quot;:{&quot;current_class&quot;:&quot;bt_bb_align_inherit&quot;,&quot;xl&quot;:&quot;inherit&quot;}}\"><h3 class=\"bt_bb_headline_tag\"><span class=\"bt_bb_headline_content\"><span>About G\u00dcNAY <strong>Law Firm<\/strong><\/span><\/span><\/h3><\/header><div class=\"bt_bb_separator bt_bb_border_style_none bt_bb_top_spacing_ bt_bb_bottom_spacing_normal\" data-bt-override-class=\"{&quot;bt_bb_top_spacing_&quot;:{&quot;current_class&quot;:&quot;bt_bb_top_spacing_&quot;,&quot;xl&quot;:&quot;&quot;},&quot;bt_bb_bottom_spacing_&quot;:{&quot;current_class&quot;:&quot;bt_bb_bottom_spacing_normal&quot;,&quot;xl&quot;:&quot;normal&quot;}}\"><\/div><div class=\"bt_bb_separator bt_bb_border_style_none bt_bb_top_spacing_ bt_bb_bottom_spacing_\" data-bt-override-class=\"{&quot;bt_bb_top_spacing_&quot;:{&quot;current_class&quot;:&quot;bt_bb_top_spacing_&quot;,&quot;xl&quot;:&quot;&quot;},&quot;bt_bb_bottom_spacing_&quot;:{&quot;current_class&quot;:&quot;bt_bb_bottom_spacing_&quot;,&quot;xl&quot;:&quot;&quot;}}\"><\/div><div  class=\"bt_bb_text\" ><p>G\u00fcnay Law Firm is based in Istanbul and aims to provide client centric legal services, as swiftly as possible. The main practise areas of the Firm are dispute resolution, litigation, mediation, legal consultancy and application to Constitutional Court. Relying on the principle of honesty, we share our experience that is a product of legal services provided to both Turkish and foreign individual and corporate clients over 10 years.<\/p>\n<p>We are capable of assisting the companies of all sizes ranging from start-ups to publicly held companies in line with their needs.<\/p>\n<\/div><div class=\"bt_bb_separator bt_bb_border_style_none bt_bb_top_spacing_ bt_bb_bottom_spacing_large bt_bb_hidden_md bt_bb_hidden_lg\" data-bt-override-class=\"{&quot;bt_bb_top_spacing_&quot;:{&quot;current_class&quot;:&quot;bt_bb_top_spacing_&quot;,&quot;xl&quot;:&quot;&quot;},&quot;bt_bb_bottom_spacing_&quot;:{&quot;current_class&quot;:&quot;bt_bb_bottom_spacing_large&quot;,&quot;xl&quot;:&quot;large&quot;}}\"><\/div><\/div><\/div><\/div><div  class=\"bt_bb_column col-xl-4 bt_bb_align_left bt_bb_padding_normal bt_bb_animation_fade_in animate\"  data-width=\"4\" data-bt-override-class=\"{}\"><div class=\"bt_bb_column_content bt_bb_vertical_align_bottom\"><div class=\"bt_bb_column_content_inner\"><div  class=\"bt_bb_text\" ><p style=\"text-align: left\">We regularly follow up the legislation amendments for each sector and update our clients in a reader friendly way. Knowing the importance of being responsive as a lawyer and as a mediator, for us, communication and transparency are the essential elements of legal services. In this respect, our ambition is to built up long term collaborations with our clients based on trust.<\/p>\n<\/div><div class=\"bt_bb_separator bt_bb_border_style_none bt_bb_bottom_spacing_small\" data-bt-override-class=\"{&quot;bt_bb_bottom_spacing_&quot;:{&quot;current_class&quot;:&quot;bt_bb_bottom_spacing_small&quot;,&quot;xl&quot;:&quot;small&quot;}}\"><\/div><header class=\"bt_bb_headline bt_bb_color_scheme_14 bt_bb_dash_none bt_bb_size_medium bt_bb_align_inherit btNoHeadline\" data-bt-override-class=\"{&quot;bt_bb_size_&quot;:{&quot;current_class&quot;:&quot;bt_bb_size_medium&quot;,&quot;xl&quot;:&quot;medium&quot;},&quot;bt_bb_align_&quot;:{&quot;current_class&quot;:&quot;bt_bb_align_inherit&quot;,&quot;xl&quot;:&quot;inherit&quot;}}\"><\/header><div class=\"bt_bb_separator bt_bb_border_style_none bt_bb_bottom_spacing_\" data-bt-override-class=\"{&quot;bt_bb_bottom_spacing_&quot;:{&quot;current_class&quot;:&quot;bt_bb_bottom_spacing_&quot;,&quot;xl&quot;:&quot;&quot;}}\"><\/div><div  class=\"bt_bb_text\" ><p>Although we are located in Istanbul, we serve our clients all over Turkey. For the legal needs arising overseas, we help our clients contacting the law firms in the related country.<\/p>\n<\/div><div class=\"bt_bb_separator bt_bb_border_style_none bt_bb_bottom_spacing_normal bt_bb_hidden_md bt_bb_hidden_lg\" data-bt-override-class=\"null\"><\/div><\/div><\/div><\/div><div  class=\"bt_bb_column col-xl-4 bt_bb_align_left bt_bb_padding_normal bt_bb_animation_fade_in animate\"  data-width=\"4\" data-bt-override-class=\"{}\"><div class=\"bt_bb_column_content bt_bb_vertical_align_bottom\"><div class=\"bt_bb_column_content_inner\"><div class=\"bt_bb_separator bt_bb_border_style_solid bt_bb_top_spacing_normal bt_bb_bottom_spacing_small bt_bb_color_gray\" data-bt-override-class=\"null\"><\/div><div class=\"bt_bb_service bt_bb_color_scheme_14 bt_bb_style_borderless bt_bb_size_normal bt_bb_shape_square bt_bb_align_left bt_bb_title_color_scheme_13\"><span  data-ico-icon7stroke=\"&#xe662;\" class=\"bt_bb_icon_holder\"><\/span><div class=\"bt_bb_service_content\"><div class=\"bt_bb_service_content_title\">OFFICE<\/div><div class=\"bt_bb_service_content_text\">B\u00fcy\u00fckdere Cad. No: 175 \u0130\u00e7 Kap\u0131 No: 7<br \/>\nFerko Signature, 34394 Levent \u0130stanbul <\/div><\/div><\/div><div class=\"bt_bb_separator bt_bb_border_style_solid bt_bb_top_spacing_small bt_bb_bottom_spacing_small bt_bb_color_gray\" data-bt-override-class=\"null\"><\/div><div class=\"bt_bb_service bt_bb_color_scheme_14 bt_bb_style_borderless bt_bb_size_normal bt_bb_shape_square bt_bb_align_left bt_bb_title_color_scheme_13\"><span  data-ico-icon7stroke=\"&#xe63b;\" class=\"bt_bb_icon_holder\"><\/span><div class=\"bt_bb_service_content\"><div class=\"bt_bb_service_content_title\">E-MAIL<\/div><div class=\"bt_bb_service_content_text\">info@dgunay.av.tr<\/div><\/div><\/div><div class=\"bt_bb_separator bt_bb_border_style_solid bt_bb_top_spacing_small bt_bb_bottom_spacing_small bt_bb_color_gray\" data-bt-override-class=\"null\"><\/div><div class=\"bt_bb_service bt_bb_color_scheme_14 bt_bb_style_borderless bt_bb_size_normal bt_bb_shape_square bt_bb_align_left bt_bb_title_color_scheme_13\"><span  data-ico-icon7stroke=\"&#xe6b5;\" class=\"bt_bb_icon_holder\"><\/span><div class=\"bt_bb_service_content\"><div class=\"bt_bb_service_content_title\">PHONE<\/div><div class=\"bt_bb_service_content_text\">+90 212 996 7194<\/div><\/div><\/div><div class=\"bt_bb_separator bt_bb_border_style_solid bt_bb_top_spacing_small bt_bb_bottom_spacing_small bt_bb_color_gray\" data-bt-override-class=\"null\"><\/div><\/div><\/div><\/div><\/div><\/div><\/div><\/div><\/div><\/section>","protected":false},"excerpt":{"rendered":"","protected":false},"author":2,"featured_media":0,"parent":0,"menu_order":0,"comment_status":"closed","ping_status":"closed","template":"","meta":[],"_links":{"self":[{"href":"https:\/\/dgunay.av.tr\/en\/wp-json\/wp\/v2\/pages\/4214"}],"collection":[{"href":"https:\/\/dgunay.av.tr\/en\/wp-json\/wp\/v2\/pages"}],"about":[{"href":"https:\/\/dgunay.av.tr\/en\/wp-json\/wp\/v2\/types\/page"}],"author":[{"embeddable":true,"href":"https:\/\/dgunay.av.tr\/en\/wp-json\/wp\/v2\/users\/2"}],"replies":[{"embeddable":true,"href":"https:\/\/dgunay.av.tr\/en\/wp-json\/wp\/v2\/comments?post=4214"}],"version-history":[{"count":17,"href":"https:\/\/dgunay.av.tr\/en\/wp-json\/wp\/v2\/pages\/4214\/revisions"}],"predecessor-version":[{"id":4758,"href":"https:\/\/dgunay.av.tr\/en\/wp-json\/wp\/v2\/pages\/4214\/revisions\/4758"}],"wp:attachment":[{"href":"https:\/\/dgunay.av.tr\/en\/wp-json\/wp\/v2\/media?parent=4214"}],"curies":[{"name":"wp","href":"https:\/\/api.w.org\/{rel}","templated":true}]}}